{"id":4404,"date":"2017-06-05T14:48:22","date_gmt":"2017-06-05T14:48:22","guid":{"rendered":"http:\/\/evently.mikado-themes.com\/?page_id=4404"},"modified":"2018-03-28T11:32:08","modified_gmt":"2018-03-28T09:32:08","slug":"photos","status":"publish","type":"page","link":"https:\/\/www.cocktaildelaperformance.com\/index.php\/photos\/","title":{"rendered":"Photos"},"content":{"rendered":"<p>[vc_row row_content_width=\u00a0\u00bbgrid\u00a0\u00bb css=\u00a0\u00bb.vc_custom_1498640983944{padding-top: 130px !important;padding-bottom: 100px !important;}\u00a0\u00bb][vc_column]<div class=\"mkdf-image-gallery  mkdf-ig-grid-type  mkdf-image-behavior-lightbox\">\n\t<div class=\"mkdf-ig-inner mkdf-ig-grid mkdf-ig-three-columns mkdf-ig-normal-space\">\n\t\t\t\t\t<div class=\"mkdf-ig-image\">\n\t\t\t\t<div class=\"mkdf-ig-image-inner\">\n\t\t\t\t\t\t\t\t\t\t\t<a itemprop=\"image\" class=\"mkdf-ig-lightbox\" href=\"https:\/\/www.cocktaildelaperformance.com\/wp-content\/uploads\/2017\/06\/5P0B8402.jpg\" data-rel=\"prettyPhoto[image_gallery_pretty_photo-596]\" title=\"Photo Cocktail de la Performance 2018 sp\u00e9cial Big Data \u00e0 Abidjan\">\n\t\t\t\t\t\t\t\t\t\t\t<img src=\"https:\/\/www.cocktaildelaperformance.com\/wp-content\/uploads\/2017\/06\/5P0B8402-347x231.jpg\" alt=\"\" width=\"347\" height=\"231\" \/>\t\t\t\t\t\t\t\t\t\t\t<\/a>\n\t\t\t\t\t\t\t\t\t<\/div>\n\t\t\t<\/div>\n\t\t\t\t\t<div class=\"mkdf-ig-image\">\n\t\t\t\t<div class=\"mkdf-ig-image-inner\">\n\t\t\t\t\t\t\t\t\t\t\t<a itemprop=\"image\" class=\"mkdf-ig-lightbox\" href=\"https:\/\/www.cocktaildelaperformance.com\/wp-content\/uploads\/2017\/06\/5P0B8438.jpg\" data-rel=\"prettyPhoto[image_gallery_pretty_photo-596]\" title=\"Photo Cocktail de la Performance 2018 sp\u00e9cial Big Data \u00e0 Abidjan\">\n\t\t\t\t\t\t\t\t\t\t\t<img src=\"https:\/\/www.cocktaildelaperformance.com\/wp-content\/uploads\/2017\/06\/5P0B8438-347x231.jpg\" alt=\"\" width=\"347\" height=\"231\" \/>\t\t\t\t\t\t\t\t\t\t\t<\/a>\n\t\t\t\t\t\t\t\t\t<\/div>\n\t\t\t<\/div>\n\t\t\t\t\t<div class=\"mkdf-ig-image\">\n\t\t\t\t<div class=\"mkdf-ig-image-inner\">\n\t\t\t\t\t\t\t\t\t\t\t<a itemprop=\"image\" class=\"mkdf-ig-lightbox\" href=\"https:\/\/www.cocktaildelaperformance.com\/wp-content\/uploads\/2017\/06\/5P0B8623.jpg\" data-rel=\"prettyPhoto[image_gallery_pretty_photo-596]\" title=\"Photo Cocktail de la Performance 2018 sp\u00e9cial Big Data \u00e0 Abidjan\">\n\t\t\t\t\t\t\t\t\t\t\t<img src=\"https:\/\/www.cocktaildelaperformance.com\/wp-content\/uploads\/2017\/06\/5P0B8623-347x231.jpg\" alt=\"\" width=\"347\" height=\"231\" \/>\t\t\t\t\t\t\t\t\t\t\t<\/a>\n\t\t\t\t\t\t\t\t\t<\/div>\n\t\t\t<\/div>\n\t\t\t\t\t<div class=\"mkdf-ig-image\">\n\t\t\t\t<div class=\"mkdf-ig-image-inner\">\n\t\t\t\t\t\t\t\t\t\t\t<a itemprop=\"image\" class=\"mkdf-ig-lightbox\" href=\"https:\/\/www.cocktaildelaperformance.com\/wp-content\/uploads\/2017\/06\/5P0B8627.jpg\" data-rel=\"prettyPhoto[image_gallery_pretty_photo-596]\" title=\"Photo Cocktail de la Performance 2018 sp\u00e9cial Big Data \u00e0 Abidjan\">\n\t\t\t\t\t\t\t\t\t\t\t<img src=\"https:\/\/www.cocktaildelaperformance.com\/wp-content\/uploads\/2017\/06\/5P0B8627-347x231.jpg\" alt=\"\" width=\"347\" height=\"231\" \/>\t\t\t\t\t\t\t\t\t\t\t<\/a>\n\t\t\t\t\t\t\t\t\t<\/div>\n\t\t\t<\/div>\n\t\t\t\t\t<div class=\"mkdf-ig-image\">\n\t\t\t\t<div class=\"mkdf-ig-image-inner\">\n\t\t\t\t\t\t\t\t\t\t\t<a itemprop=\"image\" class=\"mkdf-ig-lightbox\" href=\"https:\/\/www.cocktaildelaperformance.com\/wp-content\/uploads\/2017\/06\/5P0B8630.jpg\" data-rel=\"prettyPhoto[image_gallery_pretty_photo-596]\" title=\"Photo Cocktail de la Performance 2018 sp\u00e9cial Big Data \u00e0 Abidjan\">\n\t\t\t\t\t\t\t\t\t\t\t<img src=\"https:\/\/www.cocktaildelaperformance.com\/wp-content\/uploads\/2017\/06\/5P0B8630-347x231.jpg\" alt=\"\" width=\"347\" height=\"231\" \/>\t\t\t\t\t\t\t\t\t\t\t<\/a>\n\t\t\t\t\t\t\t\t\t<\/div>\n\t\t\t<\/div>\n\t\t\t\t\t<div class=\"mkdf-ig-image\">\n\t\t\t\t<div class=\"mkdf-ig-image-inner\">\n\t\t\t\t\t\t\t\t\t\t\t<a itemprop=\"image\" class=\"mkdf-ig-lightbox\" href=\"https:\/\/www.cocktaildelaperformance.com\/wp-content\/uploads\/2017\/06\/5P0B8667.jpg\" data-rel=\"prettyPhoto[image_gallery_pretty_photo-596]\" title=\"Photo Cocktail de la Performance 2018 sp\u00e9cial Big Data \u00e0 Abidjan\">\n\t\t\t\t\t\t\t\t\t\t\t<img src=\"https:\/\/www.cocktaildelaperformance.com\/wp-content\/uploads\/2017\/06\/5P0B8667-347x231.jpg\" alt=\"\" width=\"347\" height=\"231\" \/>\t\t\t\t\t\t\t\t\t\t\t<\/a>\n\t\t\t\t\t\t\t\t\t<\/div>\n\t\t\t<\/div>\n\t\t\t\t\t<div class=\"mkdf-ig-image\">\n\t\t\t\t<div class=\"mkdf-ig-image-inner\">\n\t\t\t\t\t\t\t\t\t\t\t<a itemprop=\"image\" class=\"mkdf-ig-lightbox\" href=\"https:\/\/www.cocktaildelaperformance.com\/wp-content\/uploads\/2017\/06\/5P0B8726.jpg\" data-rel=\"prettyPhoto[image_gallery_pretty_photo-596]\" title=\"Photo Cocktail de la Performance 2018 sp\u00e9cial Big Data \u00e0 Abidjan\">\n\t\t\t\t\t\t\t\t\t\t\t<img src=\"https:\/\/www.cocktaildelaperformance.com\/wp-content\/uploads\/2017\/06\/5P0B8726-347x231.jpg\" alt=\"\" width=\"347\" height=\"231\" \/>\t\t\t\t\t\t\t\t\t\t\t<\/a>\n\t\t\t\t\t\t\t\t\t<\/div>\n\t\t\t<\/div>\n\t\t\t\t\t<div class=\"mkdf-ig-image\">\n\t\t\t\t<div class=\"mkdf-ig-image-inner\">\n\t\t\t\t\t\t\t\t\t\t\t<a itemprop=\"image\" class=\"mkdf-ig-lightbox\" href=\"https:\/\/www.cocktaildelaperformance.com\/wp-content\/uploads\/2017\/06\/5P0B8733.jpg\" data-rel=\"prettyPhoto[image_gallery_pretty_photo-596]\" title=\"Photo Cocktail de la Performance 2018 sp\u00e9cial Big Data \u00e0 Abidjan\">\n\t\t\t\t\t\t\t\t\t\t\t<img src=\"https:\/\/www.cocktaildelaperformance.com\/wp-content\/uploads\/2017\/06\/5P0B8733-347x231.jpg\" alt=\"\" width=\"347\" height=\"231\" \/>\t\t\t\t\t\t\t\t\t\t\t<\/a>\n\t\t\t\t\t\t\t\t\t<\/div>\n\t\t\t<\/div>\n\t\t\t\t\t<div class=\"mkdf-ig-image\">\n\t\t\t\t<div class=\"mkdf-ig-image-inner\">\n\t\t\t\t\t\t\t\t\t\t\t<a itemprop=\"image\" class=\"mkdf-ig-lightbox\" href=\"https:\/\/www.cocktaildelaperformance.com\/wp-content\/uploads\/2017\/06\/TOP_8778.jpg\" data-rel=\"prettyPhoto[image_gallery_pretty_photo-596]\" title=\"Photo Cocktail de la Performance 2018 sp\u00e9cial Big Data \u00e0 Abidjan\">\n\t\t\t\t\t\t\t\t\t\t\t<img src=\"https:\/\/www.cocktaildelaperformance.com\/wp-content\/uploads\/2017\/06\/TOP_8778-347x231.jpg\" alt=\"\" width=\"347\" height=\"231\" \/>\t\t\t\t\t\t\t\t\t\t\t<\/a>\n\t\t\t\t\t\t\t\t\t<\/div>\n\t\t\t<\/div>\n\t\t\t<\/div>\n<\/div><noscript class=\"ninja-forms-noscript-message\">\n    Remarque\u00a0: JavaScript est requis pour ce contenu.<\/noscript><div id=\"nf-form-6-cont\" class=\"nf-form-cont\" aria-live=\"polite\" aria-labelledby=\"nf-form-title-6\" aria-describedby=\"nf-form-errors-6\" role=\"form\">\n\n    <div class=\"nf-loading-spinner\"><\/div>\n\n<\/div>\n        <!-- TODO: Move to Template File. -->\n        <script>var formDisplay=1;var nfForms=nfForms||[];var form=[];form.id='6';form.settings={\"objectType\":\"Form Setting\",\"editActive\":true,\"title\":\"Acc\\u00e9dez \\u00e0 l'ensemble des Photos du Cocktail de la Performance 2018\",\"show_title\":1,\"clear_complete\":1,\"hide_complete\":1,\"default_label_pos\":\"above\",\"wrapper_class\":\"\",\"element_class\":\"\",\"key\":\"\",\"add_submit\":0,\"currency\":\"\",\"unique_field_error\":\"A form with this value has already been submitted.\",\"logged_in\":false,\"not_logged_in_msg\":\"\",\"sub_limit_number\":null,\"sub_limit_msg\":\"The form has reached its submission limit.\",\"calculations\":[],\"formContentData\":[\"spam_1520608644410\",\"submit_1520608600830\"],\"drawerDisabled\":false,\"ninjaForms\":\"Ninja Forms\",\"changeEmailErrorMsg\":\"Veuillez saisir une adresse de messagerie valide. Ex\\u00a0: jean.dupont@gmail.com\",\"changeDateErrorMsg\":\"Veuillez saisir une date valide\\u00a0!\",\"confirmFieldErrorMsg\":\"Ces champs doivent correspondre\\u00a0!\",\"fieldNumberNumMinError\":\"Erreur de nombre min.\",\"fieldNumberNumMaxError\":\"Erreur de nombre max.\",\"fieldNumberIncrementBy\":\"Veuillez incr\\u00e9menter par \",\"fieldTextareaRTEInsertLink\":\"Ins\\u00e9rer un lien\",\"fieldTextareaRTEInsertMedia\":\"Ins\\u00e9rer un m\\u00e9dia\",\"fieldTextareaRTESelectAFile\":\"S\\u00e9lectionnez un fichier\",\"formErrorsCorrectErrors\":\"Veuillez corriger les erreurs avant d\\u2019envoyer ce formulaire.\",\"formHoneypot\":\"Si vous \\u00eates un \\u00eatre humain et que vous voyez ce champ, veuillez le laisser vide.\",\"validateRequiredField\":\"Ce champ est obligatoire.\",\"honeypotHoneypotError\":\"Erreur Honeypot\",\"fileUploadOldCodeFileUploadInProgress\":\"T\\u00e9l\\u00e9versement du fichier en cours.\",\"fileUploadOldCodeFileUpload\":\"T\\u00c9L\\u00c9VERSEMENT DE FICHIER\",\"currencySymbol\":false,\"fieldsMarkedRequired\":\"Les champs marqu\\u00e9s d\\u2019un <span class=\\\"ninja-forms-req-symbol\\\">*<\\\/span> sont obligatoires\",\"thousands_sep\":\"\\u00a0\",\"decimal_point\":\",\",\"siteLocale\":\"fr_FR\",\"dateFormat\":\"m\\\/d\\\/Y\",\"startOfWeek\":\"1\",\"of\":\"sur\",\"previousMonth\":\"Mois pr\\u00e9c\\u00e9dent\",\"nextMonth\":\"Mois suivant\",\"months\":[\"Janvier\",\"F\\u00e9vrier\",\"Mars\",\"Avril\",\"Mai\",\"Juin\",\"Juillet\",\"Ao\\u00fbt\",\"Septembre\",\"Octobre\",\"Novembre\",\"D\\u00e9cembre\"],\"monthsShort\":[\"Jan\",\"F\\u00e9v\",\"Mar\",\"Avr\",\"Mai\",\"Juin\",\"Juil\",\"Ao\\u00fb\",\"Sep\",\"Oct\",\"Nov\",\"D\\u00e9c\"],\"weekdays\":[\"Dimanche\",\"Lundi\",\"Mardi\",\"Mercredi\",\"Jeudi\",\"Vendredi\",\"Samedi\"],\"weekdaysShort\":[\"Dim\",\"Lun\",\"Mar\",\"Mer\",\"Jeu\",\"Ven\",\"Sam\"],\"weekdaysMin\":[\"Di\",\"Lu\",\"Ma\",\"Me\",\"Je\",\"Ve\",\"Sa\"],\"embed_form\":\"\",\"currency_symbol\":\"\",\"beforeForm\":\"\",\"beforeFields\":\"\",\"afterFields\":\"\",\"afterForm\":\"\"};form.fields=[{\"objectType\":\"Field\",\"objectDomain\":\"fields\",\"editActive\":false,\"order\":2,\"label\":\"Mot de passe\",\"type\":\"spam\",\"key\":\"spam_1520608644410\",\"label_pos\":\"above\",\"required\":1,\"default\":\"\",\"placeholder\":\"\",\"container_class\":\"\",\"element_class\":\"\",\"input_limit\":\"\",\"input_limit_type\":\"characters\",\"input_limit_msg\":\"Caract\\u00e8res restants\",\"manual_key\":true,\"disable_input\":\"\",\"admin_label\":\"\",\"help_text\":\"<p><br><\\\/p>\",\"desc_text\":\"<p><span id=\\\"nf-drawer-content\\\"><span class=\\\"nf-setting-groups\\\"><span class=\\\"nf-field-settings\\\"><span class=\\\"nf-field-sub-settings\\\">Veuillez renseigner le mot de passe qui vous a \\u00e9t\\u00e9 fourni par e-mail pour visualiser l'int\\u00e9gralit\\u00e9 des photos du Cocktail de la Performance 2018 sp\\u00e9cial Big Data.<\\\/span><\\\/span><\\\/span><\\\/span><br><\\\/p>\",\"spam_answer\":\"MGTCocktail2018\",\"drawerDisabled\":false,\"id\":77,\"beforeField\":\"\",\"afterField\":\"\",\"value\":\"\",\"parentType\":\"spam\",\"element_templates\":[\"textbox\",\"input\"],\"old_classname\":\"\",\"wrap_template\":\"wrap\"},{\"objectType\":\"Field\",\"objectDomain\":\"fields\",\"editActive\":false,\"order\":3,\"type\":\"submit\",\"label\":\"Envoyer\",\"processing_label\":\"En cours de traitement\",\"container_class\":\"\",\"element_class\":\"\",\"key\":\"submit_1520608600830\",\"id\":78,\"beforeField\":\"\",\"afterField\":\"\",\"value\":\"\",\"label_pos\":\"above\",\"parentType\":\"textbox\",\"element_templates\":[\"submit\",\"button\",\"input\"],\"old_classname\":\"\",\"wrap_template\":\"wrap-no-label\"}];nfForms.push(form);<\/script>\n        [\/vc_column][\/vc_row]<\/p>\n","protected":false},"excerpt":{"rendered":"<p>[vc_row row_content_width=\u00a0\u00bbgrid\u00a0\u00bb css=\u00a0\u00bb.vc_custom_1498640983944{padding-top: 130px !important;padding-bottom: 100px !important;}\u00a0\u00bb][vc_column][\/vc_column][\/vc_row]<\/p>\n","protected":false},"author":1,"featured_media":0,"parent":0,"menu_order":0,"comment_status":"closed","ping_status":"closed","template":"full-width.php","meta":[],"yoast_head":"<!-- This site is optimized with the Yoast SEO plugin v15.6.2 - https:\/\/yoast.com\/wordpress\/plugins\/seo\/ -->\n<title>Photos - Cocktail de la Performance sp\u00e9cial Big Data \u00e0 Abidjan<\/title>\n<meta name=\"description\" content=\"Temps forts, personnalit\u00e9s, conf\u00e9rences, visites officielles... revivez les meilleurs moments du Cocktail de la Performance Big Data 2018 \u00e0 Abidjan, en consultant notre galerie photos.\" \/>\n<meta name=\"robots\" content=\"index, follow, max-snippet:-1, max-image-preview:large, max-video-preview:-1\" \/>\n<link rel=\"canonical\" href=\"https:\/\/www.cocktaildelaperformance.com\/index.php\/photos\/\" \/>\n<meta property=\"og:locale\" content=\"fr_FR\" \/>\n<meta property=\"og:type\" content=\"article\" \/>\n<meta property=\"og:title\" content=\"Photos - Cocktail de la Performance sp\u00e9cial Big Data \u00e0 Abidjan\" \/>\n<meta property=\"og:description\" content=\"Temps forts, personnalit\u00e9s, conf\u00e9rences, visites officielles... revivez les meilleurs moments du Cocktail de la Performance Big Data 2018 \u00e0 Abidjan, en consultant notre galerie photos.\" \/>\n<meta property=\"og:url\" content=\"https:\/\/www.cocktaildelaperformance.com\/index.php\/photos\/\" \/>\n<meta property=\"og:site_name\" content=\"Cocktail de la performance\" \/>\n<meta property=\"article:modified_time\" content=\"2018-03-28T09:32:08+00:00\" \/>\n<meta name=\"twitter:card\" content=\"summary_large_image\" \/>\n<script type=\"application\/ld+json\" class=\"yoast-schema-graph\">{\"@context\":\"https:\/\/schema.org\",\"@graph\":[{\"@type\":\"WebSite\",\"@id\":\"https:\/\/www.cocktaildelaperformance.com\/#website\",\"url\":\"https:\/\/www.cocktaildelaperformance.com\/\",\"name\":\"Cocktail de la performance\",\"description\":\"La matin\\u00e9e Data \\u00e0 ne pas manquer !\",\"potentialAction\":[{\"@type\":\"SearchAction\",\"target\":\"https:\/\/www.cocktaildelaperformance.com\/?s={search_term_string}\",\"query-input\":\"required name=search_term_string\"}],\"inLanguage\":\"fr-FR\"},{\"@type\":\"WebPage\",\"@id\":\"https:\/\/www.cocktaildelaperformance.com\/index.php\/photos\/#webpage\",\"url\":\"https:\/\/www.cocktaildelaperformance.com\/index.php\/photos\/\",\"name\":\"Photos - Cocktail de la Performance sp\\u00e9cial Big Data \\u00e0 Abidjan\",\"isPartOf\":{\"@id\":\"https:\/\/www.cocktaildelaperformance.com\/#website\"},\"datePublished\":\"2017-06-05T14:48:22+00:00\",\"dateModified\":\"2018-03-28T09:32:08+00:00\",\"description\":\"Temps forts, personnalit\\u00e9s, conf\\u00e9rences, visites officielles... revivez les meilleurs moments du Cocktail de la Performance Big Data 2018 \\u00e0 Abidjan, en consultant notre galerie photos.\",\"inLanguage\":\"fr-FR\",\"potentialAction\":[{\"@type\":\"ReadAction\",\"target\":[\"https:\/\/www.cocktaildelaperformance.com\/index.php\/photos\/\"]}]}]}<\/script>\n<!-- \/ Yoast SEO plugin. -->","_links":{"self":[{"href":"https:\/\/www.cocktaildelaperformance.com\/index.php\/wp-json\/wp\/v2\/pages\/4404"}],"collection":[{"href":"https:\/\/www.cocktaildelaperformance.com\/index.php\/wp-json\/wp\/v2\/pages"}],"about":[{"href":"https:\/\/www.cocktaildelaperformance.com\/index.php\/wp-json\/wp\/v2\/types\/page"}],"author":[{"embeddable":true,"href":"https:\/\/www.cocktaildelaperformance.com\/index.php\/wp-json\/wp\/v2\/users\/1"}],"replies":[{"embeddable":true,"href":"https:\/\/www.cocktaildelaperformance.com\/index.php\/wp-json\/wp\/v2\/comments?post=4404"}],"version-history":[{"count":12,"href":"https:\/\/www.cocktaildelaperformance.com\/index.php\/wp-json\/wp\/v2\/pages\/4404\/revisions"}],"predecessor-version":[{"id":8577,"href":"https:\/\/www.cocktaildelaperformance.com\/index.php\/wp-json\/wp\/v2\/pages\/4404\/revisions\/8577"}],"wp:attachment":[{"href":"https:\/\/www.cocktaildelaperformance.com\/index.php\/wp-json\/wp\/v2\/media?parent=4404"}],"curies":[{"name":"wp","href":"https:\/\/api.w.org\/{rel}","templated":true}]}}